{"id":24623,"date":"2021-09-03T15:22:53","date_gmt":"2021-09-03T13:22:53","guid":{"rendered":"https:\/\/www.bellitalie.org\/bellitalie-org-litalie-du-nord-au-sud\/"},"modified":"2023-10-25T12:56:22","modified_gmt":"2023-10-25T10:56:22","slug":"bellitalie-org-litalie-du-nord-au-sud","status":"publish","type":"page","link":"https:\/\/www.bellitalie.org\/it\/","title":{"rendered":"Bellitalie.org, l&#8217;Italia da nord a sud"},"content":{"rendered":"<h2>Un invito al viaggio<\/h2>\n<p><em> &#8220;Lo svantaggio dell&#8217;Italia \u00e8 che \u00e8 troppo bello. Perch\u00e9 dipingere quando si ha tanto piacere da guardare? &#8221; (Auguste Renoir)<\/em><\/p>\n<p><a href=\"https:\/\/www.bellitalie.org\/wp-content\/uploads\/2021\/09\/italie-photo1.jpg\"><img loading=\"lazy\" class=\"alignright size-medium\" src=\"https:\/\/www.bellitalie.org\/wp-content\/uploads\/2021\/09\/italie-photo1.jpg\" alt=\"Photo de l'Italie\" width=\"50%\" height=\"50%\" \/><\/a>L&#8217;Italia \u00e8 un invito a numerosi viaggi, tanto sono le sue ricchezze e seduzioni. Le sue citt\u00e0, la sua architettura e le sue vestigia testimoniano una storia ricca e movimentata da 2500 anni. Questa \u00e8 ben illustrata dai tre grandi poli turistici che sono <strong>Roma<\/strong>, centro del vasto impero romano dell&#8217;antichit\u00e0; <strong>Firenze<\/strong>, culla del Rinascimento; <strong>Venezia<\/strong>, la citt\u00e0 sull&#8217;acqua, repubblica mediterranea tra oriente e occidente &#8230;<\/p>\n<p>Ogni regione ha la propria personalit\u00e0, spesso il proprio dialetto, dalle colline toscane alle colline alpine, alla Sicilia greca, alle terre della Puglia, all&#8217;Abruzzo selvaggio&#8230;<br \/>Come se non bastasse per amare l&#8217;Italia, i suoi paesaggi sono molto diversi. Ha molte coste, laghi e montagne. Inoltre il suo clima \u00e8 generoso, la sua cultura \u00e8 vasta, i suoi abitanti esprimono la gioia di vivere, e la sua cucina stessa sarebbe una ragione sufficiente per visitarla.<\/p>\n\n\n<div class=\"wp-block-media-text alignwide is-stacked-on-mobile has-background\" style=\"background-color:#fbfaf5\"><figure class=\"wp-block-media-text__media\"><a href=\"https:\/\/www.bellitalie.org\/it\/categoria_pagina\/grandi-laghi-del-nord-italia\/\"><img loading=\"lazy\" width=\"750\" height=\"500\" src=\"https:\/\/www.bellitalie.org\/wp-content\/uploads\/2021\/09\/lago_di_como_1496.jpg\" alt=\"lac de c\u00f4me\" class=\"wp-image-885 size-full\" srcset=\"https:\/\/www.bellitalie.org\/wp-content\/uploads\/2021\/09\/lago_di_como_1496.jpg 750w, https:\/\/www.bellitalie.org\/wp-content\/uploads\/2021\/09\/lago_di_como_1496-300x200.jpg 300w\" sizes=\"(max-width: 750px) 100vw, 750px\" \/><\/a><\/figure><div class=\"wp-block-media-text__content\">\n<h2>Grandi laghi del Nord<\/h2>\n\n\n\n<p class=\"has-background\" style=\"background-color:#fbfaf5\">I grandi laghi del nord Italia e altri siti naturali, tra cui il <strong>Lago Maggiore<\/strong> pi\u00f9 a ovest, il <strong>Lago di Como<\/strong> a nord di Milano e il <strong>Lago Maggiore<\/strong> condiviso da tre regioni.<\/p>\n<\/div><\/div>\n\n\n\n<div class=\"wp-block-media-text alignwide has-media-on-the-right is-stacked-on-mobile has-background\" style=\"background-color:#f7f3f3;grid-template-columns:auto 25%\"><figure class=\"wp-block-media-text__media\"><a href=\"https:\/\/www.bellitalie.org\/etrusques.html\"><img loading=\"lazy\" width=\"300\" height=\"441\" src=\"https:\/\/www.bellitalie.org\/wp-content\/uploads\/2021\/09\/vase_etrusque1.png\" alt=\"d\u00e9couverte des \u00e9trusques\" class=\"wp-image-103 size-full\" srcset=\"https:\/\/www.bellitalie.org\/wp-content\/uploads\/2021\/09\/vase_etrusque1.png 300w, https:\/\/www.bellitalie.org\/wp-content\/uploads\/2021\/09\/vase_etrusque1-204x300.png 204w\" sizes=\"(max-width: 300px) 100vw, 300px\" \/><\/a><\/figure><div class=\"wp-block-media-text__content\">\n<h2>Etruschi<\/h2>\n\n\n\n<p class=\"has-background\" style=\"background-color:#f7f3f3\">Scopri gli <strong>etruschi<\/strong>, una grande civilt\u00e0 della penisola italiana, parente dei romani, che li ha preceduti nell&#8217;Italia centrale, in Etruria, intorno alle attuali regioni del Lazio, della Toscana e dell&#8217;Umbria.<\/p>\n<\/div><\/div>\n\n\n\n<div class=\"wp-block-media-text alignwide is-stacked-on-mobile has-background\" style=\"background-color:#fbfaf5\"><figure class=\"wp-block-media-text__media\"><a href=\"https:\/\/www.bellitalie.org\/destination\/pouilles\/salento\/\"><img loading=\"lazy\" width=\"750\" height=\"500\" src=\"https:\/\/www.bellitalie.org\/wp-content\/uploads\/2021\/09\/salento_murge_e_costa_05541.jpg\" alt=\"\" class=\"wp-image-107 size-full\" srcset=\"https:\/\/www.bellitalie.org\/wp-content\/uploads\/2021\/09\/salento_murge_e_costa_05541.jpg 750w, https:\/\/www.bellitalie.org\/wp-content\/uploads\/2021\/09\/salento_murge_e_costa_05541-300x200.jpg 300w\" sizes=\"(max-width: 750px) 100vw, 750px\" \/><\/a><\/figure><div class=\"wp-block-media-text__content\">\n<h2>Salento<\/h2>\n\n\n\n<p class=\"has-background\" style=\"background-color:#fbfaf5\">Il tacco dello stivale italiano, la regione del <strong>Salento<\/strong>, conosce da diversi anni un rinnovamento turistico, attorno alla sua capitale <strong>Lecce <\/strong>con la sua notevole architettura barocca.<\/p>\n<\/div><\/div>\n\n\n\n<div class=\"wp-block-media-text alignwide has-media-on-the-right is-stacked-on-mobile has-background\" style=\"background-color:#f7f3f3\"><figure class=\"wp-block-media-text__media\"><a href=\"https:\/\/www.bellitalie.org\/destination\/campanie\/naples\/\"><img loading=\"lazy\" width=\"750\" height=\"500\" src=\"https:\/\/www.bellitalie.org\/wp-content\/uploads\/2021\/09\/vico-equense-golfo-di-napoli_32551.jpg\" alt=\"\" class=\"wp-image-114 size-full\" srcset=\"https:\/\/www.bellitalie.org\/wp-content\/uploads\/2021\/09\/vico-equense-golfo-di-napoli_32551.jpg 750w, https:\/\/www.bellitalie.org\/wp-content\/uploads\/2021\/09\/vico-equense-golfo-di-napoli_32551-300x200.jpg 300w\" sizes=\"(max-width: 750px) 100vw, 750px\" \/><\/a><\/figure><div class=\"wp-block-media-text__content\">\n<h2>Napoli e Campania<\/h2>\n\n\n\n<p><strong>Napoli <\/strong>e la regione straordinaria della <strong>Campania <\/strong>tra cui la <strong>Costiera amalfitana<\/strong>, <strong>Capri<\/strong>, il vulcano del <strong>Vesuvio <\/strong>e il sito unico di <strong>Pompei<\/strong>, o ancora i maestosi templi greci di <strong>Paestum<\/strong>.<\/p>\n<\/div><\/div>\n\n\n\n<div class=\"wp-block-media-text alignwide is-stacked-on-mobile has-background\" style=\"background-color:#fbfaf5\"><figure class=\"wp-block-media-text__media\"><a href=\"https:\/\/www.bellitalie.org\/it\/region_italie\/emilia-romagna\/\"><img loading=\"lazy\" width=\"750\" height=\"500\" src=\"https:\/\/www.bellitalie.org\/wp-content\/uploads\/2021\/09\/bologne_19821.jpg\" alt=\"\" class=\"wp-image-151 size-full\" srcset=\"https:\/\/www.bellitalie.org\/wp-content\/uploads\/2021\/09\/bologne_19821.jpg 750w, https:\/\/www.bellitalie.org\/wp-content\/uploads\/2021\/09\/bologne_19821-300x200.jpg 300w\" sizes=\"(max-width: 750px) 100vw, 750px\" \/><\/a><\/figure><div class=\"wp-block-media-text__content\">\n<p>L&#8217;<strong>Emilia Romagna<\/strong> si estende dalla pianura Padana agli Appennini su due regioni storiche.<br>\u00c8 una regione ricca, industriale, culturale e turistica, la cui capitale <strong>Bologna <\/strong>ha la pi\u00f9 antica universit\u00e0 occidentale, e molte citt\u00e0 conservano un patrimonio rinascimentale come <strong>Modena<\/strong>, <strong>Parma <\/strong>e <strong>Ferrara<\/strong>.<\/p>\n<\/div><\/div>\n","protected":false},"excerpt":{"rendered":"<p>Un invito al viaggio &#8220;Lo svantaggio dell&#8217;Italia \u00e8 che \u00e8 troppo bello. Perch\u00e9 dipingere quando si ha tanto piacere da guardare? &#8221; (Auguste Renoir) L&#8217;Italia \u00e8 un invito a numerosi viaggi, tanto sono le sue ricchezze e seduzioni. Le sue citt\u00e0, la sua architettura e le sue vestigia testimoniano una storia ricca e movimentata da [&hellip;]<\/p>\n","protected":false},"author":1,"featured_media":0,"parent":0,"menu_order":0,"comment_status":"closed","ping_status":"closed","template":"","meta":{"_links_to":"","_links_to_target":""},"categorie_page":[],"region_italie":[],"acf":[],"yoast_head":"<!-- This site is optimized with the Yoast SEO plugin v17.5 - https:\/\/yoast.com\/wordpress\/plugins\/seo\/ -->\n<title>Bellitalie.org, l&#039;Italia da nord a sud - Bellitalie<\/title>\n<meta name=\"description\" content=\"Alla scoperta dell&#039;Italia da nord a sud, tra le citt\u00e0 storiche come Roma, Venezia e Napoli, e il suo territorio dalla Liguria alla Sicilia\" \/>\n<meta name=\"robots\" content=\"index, follow, max-snippet:-1, max-image-preview:large, max-video-preview:-1\" \/>\n<link rel=\"canonical\" href=\"https:\/\/www.bellitalie.org\/it\/\" \/>\n<meta property=\"og:locale\" content=\"it_IT\" \/>\n<meta property=\"og:type\" content=\"article\" \/>\n<meta property=\"og:title\" content=\"Bellitalie.org, l&#039;Italia da nord a sud - Bellitalie\" \/>\n<meta property=\"og:description\" content=\"Alla scoperta dell&#039;Italia da nord a sud, tra le citt\u00e0 storiche come Roma, Venezia e Napoli, e il suo territorio dalla Liguria alla Sicilia\" \/>\n<meta property=\"og:url\" content=\"https:\/\/www.bellitalie.org\/it\/\" \/>\n<meta property=\"og:site_name\" content=\"Bellitalie\" \/>\n<meta property=\"article:modified_time\" content=\"2023-10-25T10:56:22+00:00\" \/>\n<meta property=\"og:image\" content=\"https:\/\/www.bellitalie.org\/wp-content\/uploads\/2021\/09\/italie-photo1.jpg\" \/>\n<meta name=\"twitter:card\" content=\"summary_large_image\" \/>\n<meta name=\"twitter:label1\" content=\"Tempo di lettura stimato\" \/>\n\t<meta name=\"twitter:data1\" content=\"3 minuti\" \/>\n<script type=\"application\/ld+json\" class=\"yoast-schema-graph\">{\"@context\":\"https:\/\/schema.org\",\"@graph\":[{\"@type\":\"WebSite\",\"@id\":\"https:\/\/www.bellitalie.org\/#website\",\"url\":\"https:\/\/www.bellitalie.org\/\",\"name\":\"Bellitalie\",\"description\":\"Regioni, citt\\u00e0 e patrimonio dell'Italia da nord a sud\",\"potentialAction\":[{\"@type\":\"SearchAction\",\"target\":{\"@type\":\"EntryPoint\",\"urlTemplate\":\"https:\/\/www.bellitalie.org\/?s={search_term_string}\"},\"query-input\":\"required name=search_term_string\"}],\"inLanguage\":\"it-IT\"},{\"@type\":\"ImageObject\",\"@id\":\"https:\/\/www.bellitalie.org\/it\/#primaryimage\",\"inLanguage\":\"it-IT\",\"url\":\"https:\/\/www.bellitalie.org\/wp-content\/uploads\/2021\/09\/italie-photo1.jpg\",\"contentUrl\":\"https:\/\/www.bellitalie.org\/wp-content\/uploads\/2021\/09\/italie-photo1.jpg\",\"width\":750,\"height\":500,\"caption\":\"italie-photo\"},{\"@type\":\"WebPage\",\"@id\":\"https:\/\/www.bellitalie.org\/it\/#webpage\",\"url\":\"https:\/\/www.bellitalie.org\/it\/\",\"name\":\"Bellitalie.org, l'Italia da nord a sud - Bellitalie\",\"isPartOf\":{\"@id\":\"https:\/\/www.bellitalie.org\/#website\"},\"primaryImageOfPage\":{\"@id\":\"https:\/\/www.bellitalie.org\/it\/#primaryimage\"},\"datePublished\":\"2021-09-03T13:22:53+00:00\",\"dateModified\":\"2023-10-25T10:56:22+00:00\",\"description\":\"Alla scoperta dell'Italia da nord a sud, tra le citt\\u00e0 storiche come Roma, Venezia e Napoli, e il suo territorio dalla Liguria alla Sicilia\",\"breadcrumb\":{\"@id\":\"https:\/\/www.bellitalie.org\/it\/#breadcrumb\"},\"inLanguage\":\"it-IT\",\"potentialAction\":[{\"@type\":\"ReadAction\",\"target\":[\"https:\/\/www.bellitalie.org\/it\/\"]}]},{\"@type\":\"BreadcrumbList\",\"@id\":\"https:\/\/www.bellitalie.org\/it\/#breadcrumb\",\"itemListElement\":[{\"@type\":\"ListItem\",\"position\":1,\"name\":\"Accueil\",\"item\":\"https:\/\/www.bellitalie.org\/it\/\"},{\"@type\":\"ListItem\",\"position\":2,\"name\":\"Bellitalie.org, l&rsquo;Italia da nord a sud\"}]}]}<\/script>\n<!-- \/ Yoast SEO plugin. -->","yoast_head_json":{"title":"Bellitalie.org, l'Italia da nord a sud - Bellitalie","description":"Alla scoperta dell'Italia da nord a sud, tra le citt\u00e0 storiche come Roma, Venezia e Napoli, e il suo territorio dalla Liguria alla Sicilia","robots":{"index":"index","follow":"follow","max-snippet":"max-snippet:-1","max-image-preview":"max-image-preview:large","max-video-preview":"max-video-preview:-1"},"canonical":"https:\/\/www.bellitalie.org\/it\/","og_locale":"it_IT","og_type":"article","og_title":"Bellitalie.org, l'Italia da nord a sud - Bellitalie","og_description":"Alla scoperta dell'Italia da nord a sud, tra le citt\u00e0 storiche come Roma, Venezia e Napoli, e il suo territorio dalla Liguria alla Sicilia","og_url":"https:\/\/www.bellitalie.org\/it\/","og_site_name":"Bellitalie","article_modified_time":"2023-10-25T10:56:22+00:00","og_image":[{"url":"https:\/\/www.bellitalie.org\/wp-content\/uploads\/2021\/09\/italie-photo1.jpg"}],"twitter_card":"summary_large_image","twitter_misc":{"Tempo di lettura stimato":"3 minuti"},"schema":{"@context":"https:\/\/schema.org","@graph":[{"@type":"WebSite","@id":"https:\/\/www.bellitalie.org\/#website","url":"https:\/\/www.bellitalie.org\/","name":"Bellitalie","description":"Regioni, citt\u00e0 e patrimonio dell'Italia da nord a sud","potentialAction":[{"@type":"SearchAction","target":{"@type":"EntryPoint","urlTemplate":"https:\/\/www.bellitalie.org\/?s={search_term_string}"},"query-input":"required name=search_term_string"}],"inLanguage":"it-IT"},{"@type":"ImageObject","@id":"https:\/\/www.bellitalie.org\/it\/#primaryimage","inLanguage":"it-IT","url":"https:\/\/www.bellitalie.org\/wp-content\/uploads\/2021\/09\/italie-photo1.jpg","contentUrl":"https:\/\/www.bellitalie.org\/wp-content\/uploads\/2021\/09\/italie-photo1.jpg","width":750,"height":500,"caption":"italie-photo"},{"@type":"WebPage","@id":"https:\/\/www.bellitalie.org\/it\/#webpage","url":"https:\/\/www.bellitalie.org\/it\/","name":"Bellitalie.org, l'Italia da nord a sud - Bellitalie","isPartOf":{"@id":"https:\/\/www.bellitalie.org\/#website"},"primaryImageOfPage":{"@id":"https:\/\/www.bellitalie.org\/it\/#primaryimage"},"datePublished":"2021-09-03T13:22:53+00:00","dateModified":"2023-10-25T10:56:22+00:00","description":"Alla scoperta dell'Italia da nord a sud, tra le citt\u00e0 storiche come Roma, Venezia e Napoli, e il suo territorio dalla Liguria alla Sicilia","breadcrumb":{"@id":"https:\/\/www.bellitalie.org\/it\/#breadcrumb"},"inLanguage":"it-IT","potentialAction":[{"@type":"ReadAction","target":["https:\/\/www.bellitalie.org\/it\/"]}]},{"@type":"BreadcrumbList","@id":"https:\/\/www.bellitalie.org\/it\/#breadcrumb","itemListElement":[{"@type":"ListItem","position":1,"name":"Accueil","item":"https:\/\/www.bellitalie.org\/it\/"},{"@type":"ListItem","position":2,"name":"Bellitalie.org, l&rsquo;Italia da nord a sud"}]}]}},"_links":{"self":[{"href":"https:\/\/www.bellitalie.org\/it\/wp-json\/wp\/v2\/pages\/24623"}],"collection":[{"href":"https:\/\/www.bellitalie.org\/it\/wp-json\/wp\/v2\/pages"}],"about":[{"href":"https:\/\/www.bellitalie.org\/it\/wp-json\/wp\/v2\/types\/page"}],"author":[{"embeddable":true,"href":"https:\/\/www.bellitalie.org\/it\/wp-json\/wp\/v2\/users\/1"}],"replies":[{"embeddable":true,"href":"https:\/\/www.bellitalie.org\/it\/wp-json\/wp\/v2\/comments?post=24623"}],"version-history":[{"count":2,"href":"https:\/\/www.bellitalie.org\/it\/wp-json\/wp\/v2\/pages\/24623\/revisions"}],"predecessor-version":[{"id":26721,"href":"https:\/\/www.bellitalie.org\/it\/wp-json\/wp\/v2\/pages\/24623\/revisions\/26721"}],"wp:attachment":[{"href":"https:\/\/www.bellitalie.org\/it\/wp-json\/wp\/v2\/media?parent=24623"}],"wp:term":[{"taxonomy":"categorie_page","embeddable":true,"href":"https:\/\/www.bellitalie.org\/it\/wp-json\/wp\/v2\/categorie_page?post=24623"},{"taxonomy":"region_italie","embeddable":true,"href":"https:\/\/www.bellitalie.org\/it\/wp-json\/wp\/v2\/region_italie?post=24623"}],"curies":[{"name":"wp","href":"https:\/\/api.w.org\/{rel}","templated":true}]}}