{"id":24638,"date":"2021-10-15T10:24:19","date_gmt":"2021-10-15T08:24:19","guid":{"rendered":"https:\/\/www.bellitalie.org\/hotels-en-italie\/"},"modified":"2023-09-30T13:35:00","modified_gmt":"2023-09-30T11:35:00","slug":"alberghi-in-italia","status":"publish","type":"page","link":"https:\/\/www.bellitalie.org\/it\/alberghi-in-italia\/","title":{"rendered":"Alberghi in Italia"},"content":{"rendered":"\n<p>Puoi accedere a migliaia di hotel in Italia grazie al nostro partner di fiducia <strong>booking <\/strong>che abbiamo scelto per la qualit\u00e0 del suo servizio: ampia scelta, informazioni affidabili, criteri di ricerca alberghiera pertinenti, pagamento in hotel, strutture valutate dagli ospiti, navigazione sicura, e diversit\u00e0 degli alloggi dalla camera all&#8217;appartamento o casa di campagna.<\/p>\n\n\n\n<blockquote class=\"wp-block-quote\"><p>&gt; <a href=\"https:\/\/www.booking.com\/country\/it.it.html?aid=2415455\" target=\"_blank\" rel=\"noreferrer noopener\"><strong>HOTEL in ITALIA<\/strong><\/a><\/p><\/blockquote>\n\n\n\n<p><img loading=\"lazy\" id=\"Image1\" src=\"https:\/\/www.bellitalie.org\/italia\/italia.jpg\" alt=\"hotel italie italia\" usemap=\"#Map2\" name=\"Image1\" width=\"175\" vspace=\"10\" hspace=\"10\" height=\"205\" border=\"0\" align=\"left\"><\/p>\n\n\n<p>Sulla mappa cliccabile qui, accedere agli hotel per regione italiana.<br \/>Alberghi per principali destinazioni:<\/p>\n<p>\u00a0&#8211; l&#8217;<a href=\"https:\/\/www.booking.com\/city\/it\/rome.html?aid=2415455;lang=it;do_availability_check=1\" target=\"_blank\" rel=\"noopener\" data-wplink-edit=\"true\">Alberghi a Roma<\/a> <br \/>\u00a0&#8211; <a href=\"http:\/\/www.booking.com\/city\/it\/florence.it.html?aid=2415455;lang=fr;do_availability_check=1\" target=\"_blank\" rel=\"noopener\">Alberghi a <strong>Firenze<\/strong>, <\/a><a href=\"http:\/\/www.booking.com\/city\/it\/siena.it.html?aid=2415455;lang=it;do_availability_check=1\" target=\"_blank\" rel=\"noopener\">Siena<\/a>, in <a href=\"http:\/\/www.booking.com\/region\/it\/tuscany.html?aid=2415455;do_availability_check=1\" target=\"_blank\" rel=\"noopener\">Toscana<\/a><br \/>\u00a0&#8211; <a href=\"http:\/\/www.booking.com\/region\/it\/venezia.it.html?aid=2415455;lang=fr;do_availability_check=1\" target=\"_blank\" rel=\"noopener\">H\u00f4tels \u00e0 <strong>Venezia<\/strong><\/a><br \/>\u00a0&#8211; <a href=\"http:\/\/www.booking.com\/city\/it\/naples.it.html?aid=2415455;lang=fr;do_availability_check=1\" target=\"_blank\" rel=\"noopener\">Alberghi a <strong>Napoli <\/strong><\/a><br \/>\u00a0&#8211; <a href=\"http:\/\/www.booking.com\/city\/it\/milan.it.html?aid=2415455;do_availability_check=1\" target=\"_blank\" rel=\"noopener\">Alberghi a <strong>Milano<\/strong><\/a><\/p>\n<p><a href=\"http:\/\/www.booking.com\/country\/it.html?aid=2415455;lang=it;do_availability_check=1\" target=\"_blank\" rel=\"noopener\">Tutta Italia: ricerca per citt\u00e0 o regioni<\/a>.<\/p>\n\n\n<pre height=\"0px\" style=\"height:0px;\"><map name=\"Map2\">\n                              <area shape=\"poly\" coords=\"89,8,87,26,103,23,105,13\" href=\"http:\/\/www.booking.com\/region\/it\/friuli-venezia-giulia.html?aid=2415455;do_availability_check=1\" target=\"_blank\" alt=\"h\u00f4tels Frioul V\u00e9n\u00e9tie julienne\" title=\"Hotel Friuli-Venezia-Giulia\" onmouseover=\"MM_swapImage('Image1','','https:\/\/www.bellitalie.org\/italia\/frioul.jpg',1)\" onmouseout=\"MM_swapImgRestore()\">\n                              <area shape=\"poly\" coords=\"115,96,125,93,122,102,114,106,109,99\" href=\"http:\/\/www.booking.com\/region\/it\/molise.html?aid=2415455;do_availability_check=1\" target=\"_blank\" alt=\"hotel molise\" title=\"Hotel Molise\" onmouseover=\"MM_swapImage('Image1','','https:\/\/www.bellitalie.org\/italia\/molise.jpg',1)\" onmouseout=\"MM_swapImgRestore()\">\n                              <area shape=\"poly\" coords=\"48,50,70,89,82,74,82,62,73,58\" href=\"http:\/\/www.booking.com\/region\/it\/tuscany.html?aid=2415455;do_availability_check=1\" target=\"_blank\" alt=\"hotel toscana\" title=\"Hotel Toscana\" onmouseover=\"MM_swapImage('Image1','','https:\/\/www.bellitalie.org\/italia\/toscana.jpg',1)\" onmouseout=\"MM_swapImgRestore()\">\n                              <area shape=\"poly\" coords=\"84,65,99,83,90,89,78,80\" href=\"http:\/\/www.booking.com\/region\/it\/umbria.html?aid=2415455;do_availability_check=1\" target=\"_blank\" alt=\"hotel umbria\" title=\"Hotel Umbria\" onmouseover=\"MM_swapImage('Image1','','https:\/\/www.bellitalie.org\/italia\/umbria.jpg',1)\" onmouseout=\"MM_swapImgRestore()\">\n                              <area shape=\"poly\" coords=\"78,83,69,92,93,110,102,110,108,101,93,92\" href=\"http:\/\/www.booking.com\/region\/it\/lazio.html?aid=2415455;do_availability_check=1\" target=\"_blank\" alt=\"hotel lazio\" title=\"Hotel Lazio\" onmouseover=\"MM_swapImage('Image1','','https:\/\/www.bellitalie.org\/italia\/lazio.jpg',1)\" onmouseout=\"MM_swapImgRestore()\">\n                              <area shape=\"poly\" coords=\"108,104,123,107,129,113,123,119,132,128,126,131,105,116\" href=\"http:\/\/www.booking.com\/region\/it\/campania.html?aid=2415455;do_availability_check=1\" target=\"_blank\" alt=\"hotel campania\" title=\"Hotel Campania\" onmouseover=\"MM_swapImage('Image1','','https:\/\/www.bellitalie.org\/italia\/campania.jpg',1)\" onmouseout=\"MM_swapImgRestore()\">\n                              <area shape=\"poly\" coords=\"123,98,120,107,165,134,171,122,138,95\" href=\"http:\/\/www.booking.com\/region\/it\/puglia.html?aid=2415455;do_availability_check=1\" target=\"_blank\" alt=\"hotel puglia\" title=\"Hotel Puglia\" onmouseover=\"MM_swapImage('Image1','','https:\/\/www.bellitalie.org\/italia\/puglia.jpg',1)\" onmouseout=\"MM_swapImgRestore()\">\n                              <area shape=\"poly\" coords=\"132,134,144,128,153,146,138,173,129,173,132,146\" href=\"http:\/\/www.booking.com\/region\/it\/calabria.html?aid=2415455;do_availability_check=1\" target=\"_blank\" alt=\"hotel calabria\" title=\"Hotel Calabria\" onmouseover=\"MM_swapImage('Image1','','https:\/\/www.bellitalie.org\/italia\/calabria.jpg',1)\" onmouseout=\"MM_swapImgRestore()\">\n                              <area shape=\"poly\" coords=\"129,163,84,163,78,181,130,201\" href=\"http:\/\/www.booking.com\/region\/it\/sicilia.html?aid=2415455;do_availability_check=1\" target=\"_blank\" alt=\"hotel sicilia\" title=\"Hotel Sicilia\" onmouseover=\"MM_swapImage('Image1','','https:\/\/www.bellitalie.org\/italia\/sicilia.jpg',1)\" onmouseout=\"MM_swapImgRestore()\">\n                              <area shape=\"poly\" coords=\"157,45,94,24,79,29,122,65\" href=\"http:\/\/www.booking.com\/city\/it\/venice.html?aid=2415455;do_availability_check=1\" target=\"_blank\" alt=\"hotel venezia\" title=\"Hotel Venezia\" onmouseover=\"MM_swapImage('Image1','','https:\/\/www.bellitalie.org\/italia\/venice.jpg',1)\" onmouseout=\"MM_swapImgRestore()\">\n                              <area shape=\"poly\" coords=\"56,7,61,21,70,27,85,4\" href=\"http:\/\/www.booking.com\/region\/it\/trentino-alte-adige.html?aid=2415455;do_availability_check=1\" target=\"_blank\" alt=\"hotel trentino adige\" title=\"Hotel Trentino Adige\" onmouseover=\"MM_swapImage('Image1','','https:\/\/www.bellitalie.org\/italia\/trentin-adige.jpg',1)\" onmouseout=\"MM_swapImgRestore()\">\n                              <area shape=\"poly\" coords=\"18,107,36,107,50,106,45,170,15,161\" href=\"http:\/\/www.booking.com\/region\/it\/sardegna.html?aid=2415455;do_availability_check=1\" target=\"_blank\" alt=\"hotel sardegna\" title=\"Hotel Sardegna\" onmouseover=\"MM_swapImage('Image1','','https:\/\/www.bellitalie.org\/italia\/sardaigne.jpg',1)\" onmouseout=\"MM_swapImgRestore()\">\n                              <area shape=\"poly\" coords=\"103,82,97,85,94,91,106,100,115,94\" href=\"http:\/\/www.booking.com\/region\/it\/abruzzo.html?aid=2415455;do_availability_check=1\" target=\"_blank\" alt=\"hotel abruzzo\" title=\"Hotel Abruzzo\" onmouseover=\"MM_swapImage('Image1','','https:\/\/www.bellitalie.org\/italia\/abruzzes.jpg',1)\" onmouseout=\"MM_swapImgRestore()\">\n                              <area shape=\"poly\" coords=\"130,115,145,124,142,127,133,130,124,118\" href=\"http:\/\/www.booking.com\/region\/it\/basilicata.html?aid=2415455;do_availability_check=1\" target=\"_blank\" alt=\"hotel basilicata\" title=\"Hotel Basilicata\" onmouseover=\"MM_swapImage('Image1','','https:\/\/www.bellitalie.org\/italia\/basilicate.jpg',1)\" onmouseout=\"MM_swapImgRestore()\">\n                              <area shape=\"poly\" coords=\"47,48,43,45,46,40,61,44,73,42,85,43,92,58,84,61,73,56,64,56\" href=\"http:\/\/www.booking.com\/region\/it\/emilia-romagna.html?aid=2415455;do_availability_check=1\" target=\"_blank\" alt=\"hotel emilia romagna\" title=\"Hotel Emilia Romagna\" onmouseover=\"MM_swapImage('Image1','','https:\/\/www.bellitalie.org\/italia\/emilie-romagne.jpg',1)\" onmouseout=\"MM_swapImgRestore()\">\n                              <area shape=\"poly\" coords=\"43,19,35,36,42,44,45,38,56,41,70,41,62,32,62,26,56,12\" href=\"http:\/\/www.booking.com\/region\/it\/lombardy.html?aid=2415455;do_availability_check=1\" target=\"_blank\" alt=\"hotel lombardia\" title=\"Hotel Lombardia\" onmouseover=\"MM_swapImage('Image1','','https:\/\/www.bellitalie.org\/italia\/lombardie.jpg',1)\" onmouseout=\"MM_swapImgRestore()\">\n                              <area shape=\"poly\" coords=\"69,28,67,27,79,19,79,12,88,13,86,25,78,29,86,43,70,41,63,32\" href=\"http:\/\/www.booking.com\/region\/it\/veneto.html?aid=2415455;do_availability_check=1\" target=\"_blank\" alt=\"hotel veneto\" title=\"Hotel Veneto\" onmouseover=\"MM_swapImage('Image1','','https:\/\/www.bellitalie.org\/italia\/venise.jpg',1)\" onmouseout=\"MM_swapImgRestore()\">\n                              <area shape=\"poly\" coords=\"84,63,92,60,102,67,105,80,99,83,93,71\" href=\"http:\/\/www.booking.com\/region\/it\/marche.html?aid=2415455;do_availability_check=1\" target=\"_blank\" alt=\"hotel marche\" title=\"Hotel Marche\" onmouseover=\"MM_swapImage('Image1','','https:\/\/www.bellitalie.org\/italia\/marches.jpg',1)\" onmouseout=\"MM_swapImgRestore()\">\n                              <area shape=\"poly\" coords=\"26,15,28,28,9,34,10,18\" href=\"http:\/\/www.booking.com\/region\/it\/valle-d-aosta.html?aid=2415455;do_availability_check=1\" target=\"_blank\" alt=\"hotel valle aosta\" title=\"Hotel Valle d'Aosta\" onmouseover=\"MM_swapImage('Image1','','https:\/\/www.bellitalie.org\/italia\/val-aoste.jpg',1)\" onmouseout=\"MM_swapImgRestore()\">\n                              <area shape=\"poly\" coords=\"17,59,31,51,45,48,54,65,13,70\" href=\"http:\/\/www.booking.com\/region\/it\/liguria.html?aid=2415455;do_availability_check=1\" target=\"_blank\" alt=\"hotel liguria\" title=\"Hotel Liguria\" onmouseover=\"MM_swapImage('Image1','','https:\/\/www.bellitalie.org\/italia\/ligurie.jpg',1)\" onmouseout=\"MM_swapImgRestore()\">\n                              <area shape=\"poly\" coords=\"26,14,30,28,15,35,4,42,13,62,23,54,34,49,44,46,35,34,40,19,34,11\" href=\"http:\/\/www.booking.com\/region\/it\/piemonte.html?aid=2415455;do_availability_check=1\" target=\"_blank\" alt=\"hotel piemonte\" title=\"Hotel Piemonte\" onmouseover=\"MM_swapImage('Image1','','https:\/\/www.bellitalie.org\/italia\/piedmont.jpg',1)\" onmouseout=\"MM_swapImgRestore()\">\n                              <area shape=\"poly\" coords=\"53,136,55,116,93,117,97,134\" href=\"http:\/\/www.booking.com\/city\/it\/rome.html?aid=2415455;do_availability_check=1\" target=\"_blank\" alt=\"hotel rome\" title=\"Hotel Rome\" onmouseover=\"MM_swapImage('Image1','','https:\/\/www.bellitalie.org\/italia\/rome.jpg',1)\" onmouseout=\"MM_swapImgRestore()\">\n                            <\/map>\n<\/pre>\n\n\n\n<p><\/p>\n","protected":false},"excerpt":{"rendered":"<p>Puoi accedere a migliaia di hotel in Italia grazie al nostro partner di fiducia booking che abbiamo scelto per la qualit\u00e0 del suo servizio: ampia scelta, informazioni affidabili, criteri di ricerca alberghiera pertinenti, pagamento in hotel, strutture valutate dagli ospiti, navigazione sicura, e diversit\u00e0 degli alloggi dalla camera all&#8217;appartamento o casa di campagna. &gt; HOTEL [&hellip;]<\/p>\n","protected":false},"author":1,"featured_media":0,"parent":0,"menu_order":0,"comment_status":"closed","ping_status":"closed","template":"","meta":{"_links_to":"","_links_to_target":""},"categorie_page":[96],"region_italie":[],"acf":[],"yoast_head":"<!-- This site is optimized with the Yoast SEO plugin v17.5 - https:\/\/yoast.com\/wordpress\/plugins\/seo\/ -->\n<title>Alberghi in Italia - Bellitalie<\/title>\n<meta name=\"robots\" content=\"index, follow, max-snippet:-1, max-image-preview:large, max-video-preview:-1\" \/>\n<link rel=\"canonical\" href=\"https:\/\/www.bellitalie.org\/it\/alberghi-in-italia\/\" \/>\n<meta property=\"og:locale\" content=\"it_IT\" \/>\n<meta property=\"og:type\" content=\"article\" \/>\n<meta property=\"og:title\" content=\"Alberghi in Italia - Bellitalie\" \/>\n<meta property=\"og:description\" content=\"Puoi accedere a migliaia di hotel in Italia grazie al nostro partner di fiducia booking che abbiamo scelto per la qualit\u00e0 del suo servizio: ampia scelta, informazioni affidabili, criteri di ricerca alberghiera pertinenti, pagamento in hotel, strutture valutate dagli ospiti, navigazione sicura, e diversit\u00e0 degli alloggi dalla camera all&#8217;appartamento o casa di campagna. &gt; HOTEL [&hellip;]\" \/>\n<meta property=\"og:url\" content=\"https:\/\/www.bellitalie.org\/it\/alberghi-in-italia\/\" \/>\n<meta property=\"og:site_name\" content=\"Bellitalie\" \/>\n<meta property=\"article:modified_time\" content=\"2023-09-30T11:35:00+00:00\" \/>\n<meta property=\"og:image\" content=\"https:\/\/www.bellitalie.org\/italia\/italia.jpg\" \/>\n<meta name=\"twitter:card\" content=\"summary_large_image\" \/>\n<meta name=\"twitter:label1\" content=\"Tempo di lettura stimato\" \/>\n\t<meta name=\"twitter:data1\" content=\"1 minuto\" \/>\n<script type=\"application\/ld+json\" class=\"yoast-schema-graph\">{\"@context\":\"https:\/\/schema.org\",\"@graph\":[{\"@type\":\"WebSite\",\"@id\":\"https:\/\/www.bellitalie.org\/#website\",\"url\":\"https:\/\/www.bellitalie.org\/\",\"name\":\"Bellitalie\",\"description\":\"Regioni, citt\\u00e0 e patrimonio dell'Italia da nord a sud\",\"potentialAction\":[{\"@type\":\"SearchAction\",\"target\":{\"@type\":\"EntryPoint\",\"urlTemplate\":\"https:\/\/www.bellitalie.org\/?s={search_term_string}\"},\"query-input\":\"required name=search_term_string\"}],\"inLanguage\":\"it-IT\"},{\"@type\":\"ImageObject\",\"@id\":\"https:\/\/www.bellitalie.org\/it\/alberghi-in-italia\/#primaryimage\",\"inLanguage\":\"it-IT\",\"url\":\"https:\/\/www.bellitalie.org\/italia\/italia.jpg\",\"contentUrl\":\"https:\/\/www.bellitalie.org\/italia\/italia.jpg\"},{\"@type\":\"WebPage\",\"@id\":\"https:\/\/www.bellitalie.org\/it\/alberghi-in-italia\/#webpage\",\"url\":\"https:\/\/www.bellitalie.org\/it\/alberghi-in-italia\/\",\"name\":\"Alberghi in Italia - Bellitalie\",\"isPartOf\":{\"@id\":\"https:\/\/www.bellitalie.org\/#website\"},\"primaryImageOfPage\":{\"@id\":\"https:\/\/www.bellitalie.org\/it\/alberghi-in-italia\/#primaryimage\"},\"datePublished\":\"2021-10-15T08:24:19+00:00\",\"dateModified\":\"2023-09-30T11:35:00+00:00\",\"breadcrumb\":{\"@id\":\"https:\/\/www.bellitalie.org\/it\/alberghi-in-italia\/#breadcrumb\"},\"inLanguage\":\"it-IT\",\"potentialAction\":[{\"@type\":\"ReadAction\",\"target\":[\"https:\/\/www.bellitalie.org\/it\/alberghi-in-italia\/\"]}]},{\"@type\":\"BreadcrumbList\",\"@id\":\"https:\/\/www.bellitalie.org\/it\/alberghi-in-italia\/#breadcrumb\",\"itemListElement\":[{\"@type\":\"ListItem\",\"position\":1,\"name\":\"Accueil\",\"item\":\"https:\/\/www.bellitalie.org\/it\/\"},{\"@type\":\"ListItem\",\"position\":2,\"name\":\"Alberghi in Italia\"}]}]}<\/script>\n<!-- \/ Yoast SEO plugin. -->","yoast_head_json":{"title":"Alberghi in Italia - Bellitalie","robots":{"index":"index","follow":"follow","max-snippet":"max-snippet:-1","max-image-preview":"max-image-preview:large","max-video-preview":"max-video-preview:-1"},"canonical":"https:\/\/www.bellitalie.org\/it\/alberghi-in-italia\/","og_locale":"it_IT","og_type":"article","og_title":"Alberghi in Italia - Bellitalie","og_description":"Puoi accedere a migliaia di hotel in Italia grazie al nostro partner di fiducia booking che abbiamo scelto per la qualit\u00e0 del suo servizio: ampia scelta, informazioni affidabili, criteri di ricerca alberghiera pertinenti, pagamento in hotel, strutture valutate dagli ospiti, navigazione sicura, e diversit\u00e0 degli alloggi dalla camera all&#8217;appartamento o casa di campagna. &gt; HOTEL [&hellip;]","og_url":"https:\/\/www.bellitalie.org\/it\/alberghi-in-italia\/","og_site_name":"Bellitalie","article_modified_time":"2023-09-30T11:35:00+00:00","og_image":[{"url":"https:\/\/www.bellitalie.org\/italia\/italia.jpg"}],"twitter_card":"summary_large_image","twitter_misc":{"Tempo di lettura stimato":"1 minuto"},"schema":{"@context":"https:\/\/schema.org","@graph":[{"@type":"WebSite","@id":"https:\/\/www.bellitalie.org\/#website","url":"https:\/\/www.bellitalie.org\/","name":"Bellitalie","description":"Regioni, citt\u00e0 e patrimonio dell'Italia da nord a sud","potentialAction":[{"@type":"SearchAction","target":{"@type":"EntryPoint","urlTemplate":"https:\/\/www.bellitalie.org\/?s={search_term_string}"},"query-input":"required name=search_term_string"}],"inLanguage":"it-IT"},{"@type":"ImageObject","@id":"https:\/\/www.bellitalie.org\/it\/alberghi-in-italia\/#primaryimage","inLanguage":"it-IT","url":"https:\/\/www.bellitalie.org\/italia\/italia.jpg","contentUrl":"https:\/\/www.bellitalie.org\/italia\/italia.jpg"},{"@type":"WebPage","@id":"https:\/\/www.bellitalie.org\/it\/alberghi-in-italia\/#webpage","url":"https:\/\/www.bellitalie.org\/it\/alberghi-in-italia\/","name":"Alberghi in Italia - Bellitalie","isPartOf":{"@id":"https:\/\/www.bellitalie.org\/#website"},"primaryImageOfPage":{"@id":"https:\/\/www.bellitalie.org\/it\/alberghi-in-italia\/#primaryimage"},"datePublished":"2021-10-15T08:24:19+00:00","dateModified":"2023-09-30T11:35:00+00:00","breadcrumb":{"@id":"https:\/\/www.bellitalie.org\/it\/alberghi-in-italia\/#breadcrumb"},"inLanguage":"it-IT","potentialAction":[{"@type":"ReadAction","target":["https:\/\/www.bellitalie.org\/it\/alberghi-in-italia\/"]}]},{"@type":"BreadcrumbList","@id":"https:\/\/www.bellitalie.org\/it\/alberghi-in-italia\/#breadcrumb","itemListElement":[{"@type":"ListItem","position":1,"name":"Accueil","item":"https:\/\/www.bellitalie.org\/it\/"},{"@type":"ListItem","position":2,"name":"Alberghi in Italia"}]}]}},"_links":{"self":[{"href":"https:\/\/www.bellitalie.org\/it\/wp-json\/wp\/v2\/pages\/24638"}],"collection":[{"href":"https:\/\/www.bellitalie.org\/it\/wp-json\/wp\/v2\/pages"}],"about":[{"href":"https:\/\/www.bellitalie.org\/it\/wp-json\/wp\/v2\/types\/page"}],"author":[{"embeddable":true,"href":"https:\/\/www.bellitalie.org\/it\/wp-json\/wp\/v2\/users\/1"}],"replies":[{"embeddable":true,"href":"https:\/\/www.bellitalie.org\/it\/wp-json\/wp\/v2\/comments?post=24638"}],"version-history":[{"count":3,"href":"https:\/\/www.bellitalie.org\/it\/wp-json\/wp\/v2\/pages\/24638\/revisions"}],"predecessor-version":[{"id":24751,"href":"https:\/\/www.bellitalie.org\/it\/wp-json\/wp\/v2\/pages\/24638\/revisions\/24751"}],"wp:attachment":[{"href":"https:\/\/www.bellitalie.org\/it\/wp-json\/wp\/v2\/media?parent=24638"}],"wp:term":[{"taxonomy":"categorie_page","embeddable":true,"href":"https:\/\/www.bellitalie.org\/it\/wp-json\/wp\/v2\/categorie_page?post=24638"},{"taxonomy":"region_italie","embeddable":true,"href":"https:\/\/www.bellitalie.org\/it\/wp-json\/wp\/v2\/region_italie?post=24638"}],"curies":[{"name":"wp","href":"https:\/\/api.w.org\/{rel}","templated":true}]}}